{"id":1399,"date":"2025-11-07T05:30:10","date_gmt":"2025-11-07T04:30:10","guid":{"rendered":"https:\/\/aacpfs.org\/beneficios-da-associacao\/"},"modified":"2026-05-04T15:24:05","modified_gmt":"2026-05-04T14:24:05","slug":"beneficios-da-associacao","status":"publish","type":"page","link":"https:\/\/aacpfs.org\/pt-br\/beneficios-da-associacao\/","title":{"rendered":"Benef\u00edcios da Associa\u00e7\u00e3o"},"content":{"rendered":"\t\t<div data-elementor-type=\"wp-page\" data-elementor-id=\"1399\" class=\"elementor elementor-1399 elementor-1248\" data-elementor-post-type=\"page\">\n\t\t\t\t<div class=\"elementor-element elementor-element-7e2bcc2 e-flex e-con-boxed e-con e-parent\" data-id=\"7e2bcc2\" data-element_type=\"container\">\n\t\t\t\t\t<div class=\"e-con-inner\">\n\t\t<div class=\"elementor-element elementor-element-8c6c64c e-con-full e-flex e-con e-child\" data-id=\"8c6c64c\" data-element_type=\"container\">\n\t\t\t\t<div class=\"elementor-element elementor-element-3ac0ed9 elementor-widget elementor-widget-image\" data-id=\"3ac0ed9\" data-element_type=\"widget\" data-widget_type=\"image.default\">\n\t\t\t\t\t\t\t\t\t\t\t\t\t\t\t<img fetchpriority=\"high\" decoding=\"async\" width=\"463\" height=\"312\" src=\"https:\/\/aacpfs.org\/wp-content\/uploads\/2025\/11\/Training-and-certification-v1.webp\" class=\"attachment-full size-full wp-image-1652\" alt=\"\" srcset=\"https:\/\/aacpfs.org\/wp-content\/uploads\/2025\/11\/Training-and-certification-v1.webp 463w, https:\/\/aacpfs.org\/wp-content\/uploads\/2025\/11\/Training-and-certification-v1-300x202.webp 300w\" sizes=\"(max-width: 463px) 100vw, 463px\" \/>\t\t\t\t\t\t\t\t\t\t\t\t\t\t\t<\/div>\n\t\t\t\t<div class=\"elementor-element elementor-element-21e3cf2 elementor-widget elementor-widget-heading\" data-id=\"21e3cf2\" data-element_type=\"widget\" data-widget_type=\"heading.default\">\n\t\t\t\t\t<h2 class=\"elementor-heading-title elementor-size-default\">Programas de forma\u00e7\u00e3o e certifica\u00e7\u00e3o realizados em todo o continente para o fortalecimento de capacidades<\/h2>\t\t\t\t<\/div>\n\t\t\t\t<\/div>\n\t\t<div class=\"elementor-element elementor-element-180bfe0 e-con-full e-flex e-con e-child\" data-id=\"180bfe0\" data-element_type=\"container\">\n\t\t\t\t<div class=\"elementor-element elementor-element-6dafa8a elementor-widget elementor-widget-image\" data-id=\"6dafa8a\" data-element_type=\"widget\" data-widget_type=\"image.default\">\n\t\t\t\t\t\t\t\t\t\t\t\t\t\t\t<img decoding=\"async\" width=\"463\" height=\"312\" src=\"https:\/\/aacpfs.org\/wp-content\/uploads\/2025\/11\/Networking-and-peer-learning.webp\" class=\"attachment-full size-full wp-image-1653\" alt=\"\" srcset=\"https:\/\/aacpfs.org\/wp-content\/uploads\/2025\/11\/Networking-and-peer-learning.webp 463w, https:\/\/aacpfs.org\/wp-content\/uploads\/2025\/11\/Networking-and-peer-learning-300x202.webp 300w\" sizes=\"(max-width: 463px) 100vw, 463px\" \/>\t\t\t\t\t\t\t\t\t\t\t\t\t\t\t<\/div>\n\t\t\t\t<div class=\"elementor-element elementor-element-15be14c elementor-widget elementor-widget-heading\" data-id=\"15be14c\" data-element_type=\"widget\" data-widget_type=\"heading.default\">\n\t\t\t\t\t<h2 class=\"elementor-heading-title elementor-size-default\">F\u00f3runs de networking e aprendizagem entre pares que conectam profissionais de todas as regi\u00f5es de \u00c1frica\n<\/h2>\t\t\t\t<\/div>\n\t\t\t\t<\/div>\n\t\t<div class=\"elementor-element elementor-element-4ee0e66 e-con-full e-flex e-con e-child\" data-id=\"4ee0e66\" data-element_type=\"container\">\n\t\t\t\t<div class=\"elementor-element elementor-element-c291193 elementor-widget elementor-widget-image\" data-id=\"c291193\" data-element_type=\"widget\" data-widget_type=\"image.default\">\n\t\t\t\t\t\t\t\t\t\t\t\t\t\t\t<img decoding=\"async\" width=\"463\" height=\"312\" src=\"https:\/\/aacpfs.org\/wp-content\/uploads\/2025\/11\/Participation-in-policy-advocacy.webp\" class=\"attachment-full size-full wp-image-1654\" alt=\"\" srcset=\"https:\/\/aacpfs.org\/wp-content\/uploads\/2025\/11\/Participation-in-policy-advocacy.webp 463w, https:\/\/aacpfs.org\/wp-content\/uploads\/2025\/11\/Participation-in-policy-advocacy-300x202.webp 300w\" sizes=\"(max-width: 463px) 100vw, 463px\" \/>\t\t\t\t\t\t\t\t\t\t\t\t\t\t\t<\/div>\n\t\t\t\t<div class=\"elementor-element elementor-element-61cb6fd elementor-widget elementor-widget-heading\" data-id=\"61cb6fd\" data-element_type=\"widget\" data-widget_type=\"heading.default\">\n\t\t\t\t\t<h2 class=\"elementor-heading-title elementor-size-default\">Participa\u00e7\u00e3o em a\u00e7\u00f5es de defesa de pol\u00edticas e defini\u00e7\u00e3o de normas por meio de grupos de trabalho e processos de consulta\n<\/h2>\t\t\t\t<\/div>\n\t\t\t\t<\/div>\n\t\t<div class=\"elementor-element elementor-element-16b54d6 e-con-full e-flex e-con e-child\" data-id=\"16b54d6\" data-element_type=\"container\">\n\t\t\t\t<div class=\"elementor-element elementor-element-38018e9 elementor-widget elementor-widget-image\" data-id=\"38018e9\" data-element_type=\"widget\" data-widget_type=\"image.default\">\n\t\t\t\t\t\t\t\t\t\t\t\t\t\t\t<img loading=\"lazy\" decoding=\"async\" width=\"463\" height=\"312\" src=\"https:\/\/aacpfs.org\/wp-content\/uploads\/2025\/11\/Access-to-research-and-compliance-resources.webp\" class=\"attachment-full size-full wp-image-1655\" alt=\"\" srcset=\"https:\/\/aacpfs.org\/wp-content\/uploads\/2025\/11\/Access-to-research-and-compliance-resources.webp 463w, https:\/\/aacpfs.org\/wp-content\/uploads\/2025\/11\/Access-to-research-and-compliance-resources-300x202.webp 300w\" sizes=\"(max-width: 463px) 100vw, 463px\" \/>\t\t\t\t\t\t\t\t\t\t\t\t\t\t\t<\/div>\n\t\t\t\t<div class=\"elementor-element elementor-element-6fd7f08 elementor-widget elementor-widget-heading\" data-id=\"6fd7f08\" data-element_type=\"widget\" data-widget_type=\"heading.default\">\n\t\t\t\t\t<h2 class=\"elementor-heading-title elementor-size-default\">Acesso a pesquisas e recursos de conformidade, incluindo diretrizes, ferramentas e publica\u00e7\u00f5es de refer\u00eancia<\/h2>\t\t\t\t<\/div>\n\t\t\t\t<\/div>\n\t\t<div class=\"elementor-element elementor-element-eef8a37 e-con-full e-flex e-con e-child\" data-id=\"eef8a37\" data-element_type=\"container\">\n\t\t\t\t<div class=\"elementor-element elementor-element-d34382a elementor-widget elementor-widget-image\" data-id=\"d34382a\" data-element_type=\"widget\" data-widget_type=\"image.default\">\n\t\t\t\t\t\t\t\t\t\t\t\t\t\t\t<img loading=\"lazy\" decoding=\"async\" width=\"463\" height=\"312\" src=\"https:\/\/aacpfs.org\/wp-content\/uploads\/2025\/11\/Opportunity-to-shape.webp\" class=\"attachment-full size-full wp-image-1656\" alt=\"\" srcset=\"https:\/\/aacpfs.org\/wp-content\/uploads\/2025\/11\/Opportunity-to-shape.webp 463w, https:\/\/aacpfs.org\/wp-content\/uploads\/2025\/11\/Opportunity-to-shape-300x202.webp 300w\" sizes=\"(max-width: 463px) 100vw, 463px\" \/>\t\t\t\t\t\t\t\t\t\t\t\t\t\t\t<\/div>\n\t\t\t\t<div class=\"elementor-element elementor-element-c20227f elementor-widget elementor-widget-heading\" data-id=\"c20227f\" data-element_type=\"widget\" data-widget_type=\"heading.default\">\n\t\t\t\t\t<h2 class=\"elementor-heading-title elementor-size-default\">Oportunidade de moldar a agenda de integridade financeira de \u00c1frica por meio da colabora\u00e7\u00e3o com reguladores e entidades do setor<\/h2>\t\t\t\t<\/div>\n\t\t\t\t<\/div>\n\t\t<div class=\"elementor-element elementor-element-688192f e-con-full e-flex e-con e-child\" data-id=\"688192f\" data-element_type=\"container\">\n\t\t\t\t<div class=\"elementor-element elementor-element-1228526 elementor-widget elementor-widget-button\" data-id=\"1228526\" data-element_type=\"widget\" data-widget_type=\"button.default\">\n\t\t\t\t\t\t\t\t\t\t<a class=\"elementor-button elementor-button-link elementor-size-sm\" href=\"https:\/\/aacpfs.org\/pt-br\/categorias-de-associacao\/\">\n\t\t\t\t\t\t<span class=\"elementor-button-content-wrapper\">\n\t\t\t\t\t\t<span class=\"elementor-button-icon\">\n\t\t\t\t<svg aria-hidden=\"true\" class=\"e-font-icon-svg e-fas-angle-double-right\" viewBox=\"0 0 448 512\" xmlns=\"http:\/\/www.w3.org\/2000\/svg\"><path d=\"M224.3 273l-136 136c-9.4 9.4-24.6 9.4-33.9 0l-22.6-22.6c-9.4-9.4-9.4-24.6 0-33.9l96.4-96.4-96.4-96.4c-9.4-9.4-9.4-24.6 0-33.9L54.3 103c9.4-9.4 24.6-9.4 33.9 0l136 136c9.5 9.4 9.5 24.6.1 34zm192-34l-136-136c-9.4-9.4-24.6-9.4-33.9 0l-22.6 22.6c-9.4 9.4-9.4 24.6 0 33.9l96.4 96.4-96.4 96.4c-9.4 9.4-9.4 24.6 0 33.9l22.6 22.6c9.4 9.4 24.6 9.4 33.9 0l136-136c9.4-9.2 9.4-24.4 0-33.8z\"><\/path><\/svg>\t\t\t<\/span>\n\t\t\t\t\t\t\t\t\t<span class=\"elementor-button-text\">Juntar-se \u00e0 AACPFS<\/span>\n\t\t\t\t\t<\/span>\n\t\t\t\t\t<\/a>\n\t\t\t\t\t\t\t\t<\/div>\n\t\t\t\t<\/div>\n\t\t\t\t\t<\/div>\n\t\t\t\t<\/div>\n\t\t\t\t<\/div>\n\t\t","protected":false},"excerpt":{"rendered":"<p>Programas de forma\u00e7\u00e3o e certifica\u00e7\u00e3o realizados em todo o continente para o fortalecimento de capacidades F\u00f3runs de networking e aprendizagem entre pares que conectam profissionais de todas as regi\u00f5es de \u00c1frica Participa\u00e7\u00e3o em a\u00e7\u00f5es de defesa de pol\u00edticas e defini\u00e7\u00e3o de normas por meio de grupos de trabalho e processos de consulta Acesso a pesquisas [&hellip;]<\/p>\n","protected":false},"author":1,"featured_media":0,"parent":0,"menu_order":0,"comment_status":"closed","ping_status":"closed","template":"","meta":{"footnotes":""},"class_list":["post-1399","page","type-page","status-publish","hentry"],"_links":{"self":[{"href":"https:\/\/aacpfs.org\/pt-br\/wp-json\/wp\/v2\/pages\/1399","targetHints":{"allow":["GET"]}}],"collection":[{"href":"https:\/\/aacpfs.org\/pt-br\/wp-json\/wp\/v2\/pages"}],"about":[{"href":"https:\/\/aacpfs.org\/pt-br\/wp-json\/wp\/v2\/types\/page"}],"author":[{"embeddable":true,"href":"https:\/\/aacpfs.org\/pt-br\/wp-json\/wp\/v2\/users\/1"}],"replies":[{"embeddable":true,"href":"https:\/\/aacpfs.org\/pt-br\/wp-json\/wp\/v2\/comments?post=1399"}],"version-history":[{"count":4,"href":"https:\/\/aacpfs.org\/pt-br\/wp-json\/wp\/v2\/pages\/1399\/revisions"}],"predecessor-version":[{"id":2608,"href":"https:\/\/aacpfs.org\/pt-br\/wp-json\/wp\/v2\/pages\/1399\/revisions\/2608"}],"wp:attachment":[{"href":"https:\/\/aacpfs.org\/pt-br\/wp-json\/wp\/v2\/media?parent=1399"}],"curies":[{"name":"wp","href":"https:\/\/api.w.org\/{rel}","templated":true}]}}